

{"id":28173,"date":"2024-12-09T09:53:29","date_gmt":"2024-12-09T08:53:29","guid":{"rendered":"https:\/\/www.letsgohalal.com\/?page_id=28173"},"modified":"2025-05-16T09:24:48","modified_gmt":"2025-05-16T07:24:48","slug":"about-lets-go-halal","status":"publish","type":"page","link":"https:\/\/www.letsgohalal.com\/fr\/about-lets-go-halal\/","title":{"rendered":"\u00c0 propos de Let's Go Halal"},"content":{"rendered":"<p><strong>Let's Go Halal est un r\u00e9seau dynamique de professionnels musulmans poss\u00e9dant une grande expertise dans le domaine du tourisme et de la communication.<\/strong> En 2013, nous avons \u00e9t\u00e9 les premiers en Espagne \u00e0 proposer une agence de voyage et une soci\u00e9t\u00e9 de gestion de destinations (DMC) certifi\u00e9es halal, marquant ainsi une \u00e9tape importante dans le tourisme musulman en Europe. Ce parcours a inspir\u00e9 la cr\u00e9ation de Let's Go Halal, une plateforme construite sur des ann\u00e9es d'exp\u00e9rience, de passion et de d\u00e9vouement pour inspirer et r\u00e9pondre aux besoins des voyageurs musulmans.<br \/><br \/>Notre mission est simple mais profonde : offrir aux visiteurs musulmans en Espagne - et aux professionnels du tourisme qui servent ces voyageurs dans leur pays d'origine - des exp\u00e9riences et des services in\u00e9gal\u00e9s qui correspondent \u00e0 leur foi, \u00e0 leurs pr\u00e9f\u00e9rences et \u00e0 leurs attentes.<br \/>Au fil des ans, nous avons accueilli des milliers de voyageurs musulmans et nous nous engageons \u00e0 fournir des informations fiables, v\u00e9rifi\u00e9es et de haute qualit\u00e9. Nous nous effor\u00e7ons \u00e9galement d'inspirer et d'offrir des ressources pr\u00e9cieuses \u00e0 ceux qui ne choisissent pas de r\u00e9server nos forfaits ou services de voyage, ou qui pr\u00e9f\u00e8rent planifier leur voyage de mani\u00e8re ind\u00e9pendante, mais qui recherchent tout de m\u00eame de l'inspiration et des informations utiles adapt\u00e9es \u00e0 leur foi, \u00e0 leurs pr\u00e9f\u00e9rences et \u00e0 leurs besoins.<br \/>Nous pensons que les voyages devraient \u00eatre enrichissants et satisfaisants - une occasion d'\u00e9largir les horizons personnels et d'embrasser la diversit\u00e9 culturelle, tout cela sans avoir \u00e0 compromettre ses croyances.<\/p>\r\n\r\n\r\n\r\n<blockquote class=\"wp-block-quote is-layout-flow wp-block-quote-is-layout-flow\">\r\n<p class=\"quote-legales\" style=\"font-size: 26px;\"><br \/>Rejoignez-nous, explorez en toute confiance, <strong>et vivez l'Espagne comme jamais auparavant<\/strong><\/p>\r\n<\/blockquote>\r\n\r\n\r\n<hr class=\"wp-block-separator has-alpha-channel-opacity is-style-default\" \/>\r\n\r\n\r\n<p style=\"font-size: 16px;\"><strong>Let's Go Halal est une plateforme en ligne et une marque d\u00e9pos\u00e9e appartenant \u00e0 Open Concept S.L.,<\/strong> soci\u00e9t\u00e9 dont le num\u00e9ro d'identification fiscale est B-86641479, la licence de tourisme (C.I.AN) 297078-3 et dont le si\u00e8ge social est situ\u00e9 \u00e0 Playa Dorada, 18. Synergia Business Center, 29620 Torremolinos, M\u00e1laga (Espagne).\u00a0<\/p>","protected":false},"excerpt":{"rendered":"<p>At Let\u2019s Go Halal, we are a vibrant network of Muslim professionals with extensive expertise in tourism and communication. Back in 2013, we pioneered Spain\u2019s first Halal-certified travel agency and Destination Management Company (DMC), marking a significant milestone in tourism for Muslims in Europe. This journey inspired the creation of Let\u2019s Go Halal, a platform<\/p>","protected":false},"author":1,"featured_media":28175,"parent":0,"menu_order":0,"comment_status":"closed","ping_status":"closed","template":"single_corporativas.php","meta":{"_acf_changed":false,"footnotes":""},"class_list":["post-28173","page","type-page","status-publish","has-post-thumbnail","hentry"],"acf":[],"yoast_head":"<!-- This site is optimized with the Yoast SEO Premium plugin v24.6 (Yoast SEO v24.7) - https:\/\/yoast.com\/wordpress\/plugins\/seo\/ -->\n<title>About Let\u00b4s Go Halal | Let&#039;s Go Halal<\/title>\n<meta name=\"robots\" content=\"index, follow, max-snippet:-1, max-image-preview:large, max-video-preview:-1\" \/>\n<link rel=\"canonical\" href=\"https:\/\/www.letsgohalal.com\/fr\/about-lets-go-halal\/\" \/>\n<meta property=\"og:locale\" content=\"fr_FR\" \/>\n<meta property=\"og:type\" content=\"article\" \/>\n<meta property=\"og:title\" content=\"About Let\u00b4s Go Halal\" \/>\n<meta property=\"og:description\" content=\"At Let\u2019s Go Halal, we are a vibrant network of Muslim professionals with extensive expertise in tourism and communication. Back in 2013, we pioneered Spain\u2019s first Halal-certified travel agency and Destination Management Company (DMC), marking a significant milestone in tourism for Muslims in Europe. This journey inspired the creation of Let\u2019s Go Halal, a platform\" \/>\n<meta property=\"og:url\" content=\"https:\/\/www.letsgohalal.com\/fr\/about-lets-go-halal\/\" \/>\n<meta property=\"og:site_name\" content=\"Let&#039;s Go Halal\" \/>\n<meta property=\"article:modified_time\" content=\"2025-05-16T07:24:48+00:00\" \/>\n<meta property=\"og:image\" content=\"https:\/\/www.letsgohalal.com\/wp-content\/uploads\/2024\/12\/Rectangle-134.jpg\" \/>\n\t<meta property=\"og:image:width\" content=\"900\" \/>\n\t<meta property=\"og:image:height\" content=\"282\" \/>\n\t<meta property=\"og:image:type\" content=\"image\/jpeg\" \/>\n<meta name=\"twitter:card\" content=\"summary_large_image\" \/>\n<meta name=\"twitter:label1\" content=\"Dur\u00e9e de lecture estim\u00e9e\" \/>\n\t<meta name=\"twitter:data1\" content=\"1 minute\" \/>\n<script type=\"application\/ld+json\" class=\"yoast-schema-graph\">{\"@context\":\"https:\/\/schema.org\",\"@graph\":[{\"@type\":\"WebPage\",\"@id\":\"https:\/\/www.letsgohalal.com\/about-lets-go-halal\/\",\"url\":\"https:\/\/www.letsgohalal.com\/about-lets-go-halal\/\",\"name\":\"About Let\u00b4s Go Halal | Let&#039;s Go Halal\",\"isPartOf\":{\"@id\":\"https:\/\/www.letsgohalal.com\/#website\"},\"primaryImageOfPage\":{\"@id\":\"https:\/\/www.letsgohalal.com\/about-lets-go-halal\/#primaryimage\"},\"image\":{\"@id\":\"https:\/\/www.letsgohalal.com\/about-lets-go-halal\/#primaryimage\"},\"thumbnailUrl\":\"https:\/\/www.letsgohalal.com\/wp-content\/uploads\/2024\/12\/Rectangle-134.jpg\",\"datePublished\":\"2024-12-09T08:53:29+00:00\",\"dateModified\":\"2025-05-16T07:24:48+00:00\",\"breadcrumb\":{\"@id\":\"https:\/\/www.letsgohalal.com\/about-lets-go-halal\/#breadcrumb\"},\"inLanguage\":\"fr-FR\",\"potentialAction\":[{\"@type\":\"ReadAction\",\"target\":[\"https:\/\/www.letsgohalal.com\/about-lets-go-halal\/\"]}]},{\"@type\":\"ImageObject\",\"inLanguage\":\"fr-FR\",\"@id\":\"https:\/\/www.letsgohalal.com\/about-lets-go-halal\/#primaryimage\",\"url\":\"https:\/\/www.letsgohalal.com\/wp-content\/uploads\/2024\/12\/Rectangle-134.jpg\",\"contentUrl\":\"https:\/\/www.letsgohalal.com\/wp-content\/uploads\/2024\/12\/Rectangle-134.jpg\",\"width\":900,\"height\":282},{\"@type\":\"BreadcrumbList\",\"@id\":\"https:\/\/www.letsgohalal.com\/about-lets-go-halal\/#breadcrumb\",\"itemListElement\":[{\"@type\":\"ListItem\",\"position\":1,\"name\":\"Home\",\"item\":\"https:\/\/www.letsgohalal.com\/\"},{\"@type\":\"ListItem\",\"position\":2,\"name\":\"About Let\u00b4s Go Halal\"}]},{\"@type\":\"WebSite\",\"@id\":\"https:\/\/www.letsgohalal.com\/#website\",\"url\":\"https:\/\/www.letsgohalal.com\/\",\"name\":\"Let\u00b4s Go Halal\",\"description\":\"Everything for Muslim travelers\",\"potentialAction\":[{\"@type\":\"SearchAction\",\"target\":{\"@type\":\"EntryPoint\",\"urlTemplate\":\"https:\/\/www.letsgohalal.com\/?s={search_term_string}\"},\"query-input\":{\"@type\":\"PropertyValueSpecification\",\"valueRequired\":true,\"valueName\":\"search_term_string\"}}],\"inLanguage\":\"fr-FR\"}]}<\/script>\n<!-- \/ Yoast SEO Premium plugin. -->","yoast_head_json":{"title":"About Let\u00b4s Go Halal | Let&#039;s Go Halal","robots":{"index":"index","follow":"follow","max-snippet":"max-snippet:-1","max-image-preview":"max-image-preview:large","max-video-preview":"max-video-preview:-1"},"canonical":"https:\/\/www.letsgohalal.com\/fr\/about-lets-go-halal\/","og_locale":"fr_FR","og_type":"article","og_title":"About Let\u00b4s Go Halal","og_description":"At Let\u2019s Go Halal, we are a vibrant network of Muslim professionals with extensive expertise in tourism and communication. Back in 2013, we pioneered Spain\u2019s first Halal-certified travel agency and Destination Management Company (DMC), marking a significant milestone in tourism for Muslims in Europe. This journey inspired the creation of Let\u2019s Go Halal, a platform","og_url":"https:\/\/www.letsgohalal.com\/fr\/about-lets-go-halal\/","og_site_name":"Let&#039;s Go Halal","article_modified_time":"2025-05-16T07:24:48+00:00","og_image":[{"width":900,"height":282,"url":"https:\/\/www.letsgohalal.com\/wp-content\/uploads\/2024\/12\/Rectangle-134.jpg","type":"image\/jpeg"}],"twitter_card":"summary_large_image","twitter_misc":{"Dur\u00e9e de lecture estim\u00e9e":"1 minute"},"schema":{"@context":"https:\/\/schema.org","@graph":[{"@type":"WebPage","@id":"https:\/\/www.letsgohalal.com\/about-lets-go-halal\/","url":"https:\/\/www.letsgohalal.com\/about-lets-go-halal\/","name":"About Let\u00b4s Go Halal | Let&#039;s Go Halal","isPartOf":{"@id":"https:\/\/www.letsgohalal.com\/#website"},"primaryImageOfPage":{"@id":"https:\/\/www.letsgohalal.com\/about-lets-go-halal\/#primaryimage"},"image":{"@id":"https:\/\/www.letsgohalal.com\/about-lets-go-halal\/#primaryimage"},"thumbnailUrl":"https:\/\/www.letsgohalal.com\/wp-content\/uploads\/2024\/12\/Rectangle-134.jpg","datePublished":"2024-12-09T08:53:29+00:00","dateModified":"2025-05-16T07:24:48+00:00","breadcrumb":{"@id":"https:\/\/www.letsgohalal.com\/about-lets-go-halal\/#breadcrumb"},"inLanguage":"fr-FR","potentialAction":[{"@type":"ReadAction","target":["https:\/\/www.letsgohalal.com\/about-lets-go-halal\/"]}]},{"@type":"ImageObject","inLanguage":"fr-FR","@id":"https:\/\/www.letsgohalal.com\/about-lets-go-halal\/#primaryimage","url":"https:\/\/www.letsgohalal.com\/wp-content\/uploads\/2024\/12\/Rectangle-134.jpg","contentUrl":"https:\/\/www.letsgohalal.com\/wp-content\/uploads\/2024\/12\/Rectangle-134.jpg","width":900,"height":282},{"@type":"BreadcrumbList","@id":"https:\/\/www.letsgohalal.com\/about-lets-go-halal\/#breadcrumb","itemListElement":[{"@type":"ListItem","position":1,"name":"Home","item":"https:\/\/www.letsgohalal.com\/"},{"@type":"ListItem","position":2,"name":"About Let\u00b4s Go Halal"}]},{"@type":"WebSite","@id":"https:\/\/www.letsgohalal.com\/#website","url":"https:\/\/www.letsgohalal.com\/","name":"Allons-y pour le halal","description":"Tout pour les voyageurs musulmans","potentialAction":[{"@type":"SearchAction","target":{"@type":"EntryPoint","urlTemplate":"https:\/\/www.letsgohalal.com\/?s={search_term_string}"},"query-input":{"@type":"PropertyValueSpecification","valueRequired":true,"valueName":"search_term_string"}}],"inLanguage":"fr-FR"}]}},"_links":{"self":[{"href":"https:\/\/www.letsgohalal.com\/fr\/wp-json\/wp\/v2\/pages\/28173","targetHints":{"allow":["GET"]}}],"collection":[{"href":"https:\/\/www.letsgohalal.com\/fr\/wp-json\/wp\/v2\/pages"}],"about":[{"href":"https:\/\/www.letsgohalal.com\/fr\/wp-json\/wp\/v2\/types\/page"}],"author":[{"embeddable":true,"href":"https:\/\/www.letsgohalal.com\/fr\/wp-json\/wp\/v2\/users\/1"}],"replies":[{"embeddable":true,"href":"https:\/\/www.letsgohalal.com\/fr\/wp-json\/wp\/v2\/comments?post=28173"}],"version-history":[{"count":3,"href":"https:\/\/www.letsgohalal.com\/fr\/wp-json\/wp\/v2\/pages\/28173\/revisions"}],"predecessor-version":[{"id":29293,"href":"https:\/\/www.letsgohalal.com\/fr\/wp-json\/wp\/v2\/pages\/28173\/revisions\/29293"}],"wp:featuredmedia":[{"embeddable":true,"href":"https:\/\/www.letsgohalal.com\/fr\/wp-json\/wp\/v2\/media\/28175"}],"wp:attachment":[{"href":"https:\/\/www.letsgohalal.com\/fr\/wp-json\/wp\/v2\/media?parent=28173"}],"curies":[{"name":"wp","href":"https:\/\/api.w.org\/{rel}","templated":true}]}}