

{"id":28259,"date":"2024-12-09T16:45:41","date_gmt":"2024-12-09T15:45:41","guid":{"rendered":"https:\/\/www.letsgohalal.com\/?page_id=28259"},"modified":"2025-03-11T13:43:09","modified_gmt":"2025-03-11T12:43:09","slug":"taylor-made-services","status":"publish","type":"page","link":"https:\/\/www.letsgohalal.com\/fr\/taylor-made-services\/","title":{"rendered":"Services Taylor-Made"},"content":{"rendered":"<p style=\"font-size:20px;font-style:normal;font-weight:300;letter-spacing:-0.2px\">Si nos formules pr\u00eates \u00e0 l'emploi ne correspondent pas tout \u00e0 fait \u00e0 ce que vous recherchez, laissez-nous nous en charger. <strong>Nous concevrons le voyage de vos r\u00eaves, enti\u00e8rement adapt\u00e9 \u00e0 vos pr\u00e9f\u00e9rences et \u00e0 vos besoins,<\/strong> et s'appuie sur notre expertise locale approfondie.<\/p>\n\n\n\n<p class=\"has-medium-font-size\" style=\"font-style:normal;font-weight:300;letter-spacing:-0.2px\"><strong>Notre service de conception de voyages haut de gamme est propos\u00e9 \u00e0 partir de 150 euros.<\/strong> (non remboursable). Ces frais couvrent le temps et l'expertise n\u00e9cessaires \u00e0 l'organisation de votre voyage sur mesure et \u00e0 la pr\u00e9paration de votre voyage. <strong>sera d\u00e9duit du co\u00fbt total<\/strong> si vous r\u00e9servez le voyage avec nous.<\/p>\n\n\n\n<p style=\"font-size:20px;font-style:normal;font-weight:300;letter-spacing:-0.2px\"><strong>Contactez-nous d\u00e8s aujourd'hui <\/strong>pour d\u00e9couvrir comment nous pouvons faire de votre voyage de r\u00eave une r\u00e9alit\u00e9 !<\/p>\n\n\n\n<p><\/p>","protected":false},"excerpt":{"rendered":"<p>If our ready-made packages don\u2019t quite fit what you\u2019re looking for, \u2028let us handle it. We\u2019ll design the journey of your dreams, fully tailored to \u2028your preferences and needs, and backed by our deep local expertise. Our premium travel design service starts at just \u20ac150 (non-refundable). \u2028This fee covers the time and expertise needed to<\/p>","protected":false},"author":1,"featured_media":28261,"parent":0,"menu_order":0,"comment_status":"closed","ping_status":"closed","template":"single_taylor-made-services.php","meta":{"_acf_changed":false,"footnotes":""},"class_list":["post-28259","page","type-page","status-publish","has-post-thumbnail","hentry"],"acf":[],"yoast_head":"<!-- This site is optimized with the Yoast SEO Premium plugin v24.6 (Yoast SEO v24.7) - https:\/\/yoast.com\/wordpress\/plugins\/seo\/ -->\n<title>Taylor-Made Services | Let&#039;s Go Halal<\/title>\n<meta name=\"robots\" content=\"index, follow, max-snippet:-1, max-image-preview:large, max-video-preview:-1\" \/>\n<link rel=\"canonical\" href=\"https:\/\/www.letsgohalal.com\/fr\/taylor-made-services\/\" \/>\n<meta property=\"og:locale\" content=\"fr_FR\" \/>\n<meta property=\"og:type\" content=\"article\" \/>\n<meta property=\"og:title\" content=\"Taylor-Made Services\" \/>\n<meta property=\"og:description\" content=\"If our ready-made packages don\u2019t quite fit what you\u2019re looking for, \u2028let us handle it. We\u2019ll design the journey of your dreams, fully tailored to \u2028your preferences and needs, and backed by our deep local expertise. Our premium travel design service starts at just \u20ac150 (non-refundable). \u2028This fee covers the time and expertise needed to\" \/>\n<meta property=\"og:url\" content=\"https:\/\/www.letsgohalal.com\/fr\/taylor-made-services\/\" \/>\n<meta property=\"og:site_name\" content=\"Let&#039;s Go Halal\" \/>\n<meta property=\"article:modified_time\" content=\"2025-03-11T12:43:09+00:00\" \/>\n<meta property=\"og:image\" content=\"https:\/\/www.letsgohalal.com\/wp-content\/uploads\/2024\/12\/christin-hume-505815-unsplash-1.jpg\" \/>\n\t<meta property=\"og:image:width\" content=\"900\" \/>\n\t<meta property=\"og:image:height\" content=\"498\" \/>\n\t<meta property=\"og:image:type\" content=\"image\/jpeg\" \/>\n<meta name=\"twitter:card\" content=\"summary_large_image\" \/>\n<meta name=\"twitter:label1\" content=\"Dur\u00e9e de lecture estim\u00e9e\" \/>\n\t<meta name=\"twitter:data1\" content=\"1 minute\" \/>\n<script type=\"application\/ld+json\" class=\"yoast-schema-graph\">{\"@context\":\"https:\/\/schema.org\",\"@graph\":[{\"@type\":\"WebPage\",\"@id\":\"https:\/\/www.letsgohalal.com\/taylor-made-services\/\",\"url\":\"https:\/\/www.letsgohalal.com\/taylor-made-services\/\",\"name\":\"Taylor-Made Services | Let&#039;s Go Halal\",\"isPartOf\":{\"@id\":\"https:\/\/www.letsgohalal.com\/#website\"},\"primaryImageOfPage\":{\"@id\":\"https:\/\/www.letsgohalal.com\/taylor-made-services\/#primaryimage\"},\"image\":{\"@id\":\"https:\/\/www.letsgohalal.com\/taylor-made-services\/#primaryimage\"},\"thumbnailUrl\":\"https:\/\/www.letsgohalal.com\/wp-content\/uploads\/2024\/12\/christin-hume-505815-unsplash-1.jpg\",\"datePublished\":\"2024-12-09T15:45:41+00:00\",\"dateModified\":\"2025-03-11T12:43:09+00:00\",\"breadcrumb\":{\"@id\":\"https:\/\/www.letsgohalal.com\/taylor-made-services\/#breadcrumb\"},\"inLanguage\":\"fr-FR\",\"potentialAction\":[{\"@type\":\"ReadAction\",\"target\":[\"https:\/\/www.letsgohalal.com\/taylor-made-services\/\"]}]},{\"@type\":\"ImageObject\",\"inLanguage\":\"fr-FR\",\"@id\":\"https:\/\/www.letsgohalal.com\/taylor-made-services\/#primaryimage\",\"url\":\"https:\/\/www.letsgohalal.com\/wp-content\/uploads\/2024\/12\/christin-hume-505815-unsplash-1.jpg\",\"contentUrl\":\"https:\/\/www.letsgohalal.com\/wp-content\/uploads\/2024\/12\/christin-hume-505815-unsplash-1.jpg\",\"width\":900,\"height\":498},{\"@type\":\"BreadcrumbList\",\"@id\":\"https:\/\/www.letsgohalal.com\/taylor-made-services\/#breadcrumb\",\"itemListElement\":[{\"@type\":\"ListItem\",\"position\":1,\"name\":\"Home\",\"item\":\"https:\/\/www.letsgohalal.com\/\"},{\"@type\":\"ListItem\",\"position\":2,\"name\":\"Taylor-Made Services\"}]},{\"@type\":\"WebSite\",\"@id\":\"https:\/\/www.letsgohalal.com\/#website\",\"url\":\"https:\/\/www.letsgohalal.com\/\",\"name\":\"Let\u00b4s Go Halal\",\"description\":\"Everything for Muslim travelers\",\"potentialAction\":[{\"@type\":\"SearchAction\",\"target\":{\"@type\":\"EntryPoint\",\"urlTemplate\":\"https:\/\/www.letsgohalal.com\/?s={search_term_string}\"},\"query-input\":{\"@type\":\"PropertyValueSpecification\",\"valueRequired\":true,\"valueName\":\"search_term_string\"}}],\"inLanguage\":\"fr-FR\"}]}<\/script>\n<!-- \/ Yoast SEO Premium plugin. -->","yoast_head_json":{"title":"Taylor-Made Services | Let&#039;s Go Halal","robots":{"index":"index","follow":"follow","max-snippet":"max-snippet:-1","max-image-preview":"max-image-preview:large","max-video-preview":"max-video-preview:-1"},"canonical":"https:\/\/www.letsgohalal.com\/fr\/taylor-made-services\/","og_locale":"fr_FR","og_type":"article","og_title":"Taylor-Made Services","og_description":"If our ready-made packages don\u2019t quite fit what you\u2019re looking for, \u2028let us handle it. We\u2019ll design the journey of your dreams, fully tailored to \u2028your preferences and needs, and backed by our deep local expertise. Our premium travel design service starts at just \u20ac150 (non-refundable). \u2028This fee covers the time and expertise needed to","og_url":"https:\/\/www.letsgohalal.com\/fr\/taylor-made-services\/","og_site_name":"Let&#039;s Go Halal","article_modified_time":"2025-03-11T12:43:09+00:00","og_image":[{"width":900,"height":498,"url":"https:\/\/www.letsgohalal.com\/wp-content\/uploads\/2024\/12\/christin-hume-505815-unsplash-1.jpg","type":"image\/jpeg"}],"twitter_card":"summary_large_image","twitter_misc":{"Dur\u00e9e de lecture estim\u00e9e":"1 minute"},"schema":{"@context":"https:\/\/schema.org","@graph":[{"@type":"WebPage","@id":"https:\/\/www.letsgohalal.com\/taylor-made-services\/","url":"https:\/\/www.letsgohalal.com\/taylor-made-services\/","name":"Taylor-Made Services | Let&#039;s Go Halal","isPartOf":{"@id":"https:\/\/www.letsgohalal.com\/#website"},"primaryImageOfPage":{"@id":"https:\/\/www.letsgohalal.com\/taylor-made-services\/#primaryimage"},"image":{"@id":"https:\/\/www.letsgohalal.com\/taylor-made-services\/#primaryimage"},"thumbnailUrl":"https:\/\/www.letsgohalal.com\/wp-content\/uploads\/2024\/12\/christin-hume-505815-unsplash-1.jpg","datePublished":"2024-12-09T15:45:41+00:00","dateModified":"2025-03-11T12:43:09+00:00","breadcrumb":{"@id":"https:\/\/www.letsgohalal.com\/taylor-made-services\/#breadcrumb"},"inLanguage":"fr-FR","potentialAction":[{"@type":"ReadAction","target":["https:\/\/www.letsgohalal.com\/taylor-made-services\/"]}]},{"@type":"ImageObject","inLanguage":"fr-FR","@id":"https:\/\/www.letsgohalal.com\/taylor-made-services\/#primaryimage","url":"https:\/\/www.letsgohalal.com\/wp-content\/uploads\/2024\/12\/christin-hume-505815-unsplash-1.jpg","contentUrl":"https:\/\/www.letsgohalal.com\/wp-content\/uploads\/2024\/12\/christin-hume-505815-unsplash-1.jpg","width":900,"height":498},{"@type":"BreadcrumbList","@id":"https:\/\/www.letsgohalal.com\/taylor-made-services\/#breadcrumb","itemListElement":[{"@type":"ListItem","position":1,"name":"Home","item":"https:\/\/www.letsgohalal.com\/"},{"@type":"ListItem","position":2,"name":"Taylor-Made Services"}]},{"@type":"WebSite","@id":"https:\/\/www.letsgohalal.com\/#website","url":"https:\/\/www.letsgohalal.com\/","name":"Allons-y pour le halal","description":"Tout pour les voyageurs musulmans","potentialAction":[{"@type":"SearchAction","target":{"@type":"EntryPoint","urlTemplate":"https:\/\/www.letsgohalal.com\/?s={search_term_string}"},"query-input":{"@type":"PropertyValueSpecification","valueRequired":true,"valueName":"search_term_string"}}],"inLanguage":"fr-FR"}]}},"_links":{"self":[{"href":"https:\/\/www.letsgohalal.com\/fr\/wp-json\/wp\/v2\/pages\/28259","targetHints":{"allow":["GET"]}}],"collection":[{"href":"https:\/\/www.letsgohalal.com\/fr\/wp-json\/wp\/v2\/pages"}],"about":[{"href":"https:\/\/www.letsgohalal.com\/fr\/wp-json\/wp\/v2\/types\/page"}],"author":[{"embeddable":true,"href":"https:\/\/www.letsgohalal.com\/fr\/wp-json\/wp\/v2\/users\/1"}],"replies":[{"embeddable":true,"href":"https:\/\/www.letsgohalal.com\/fr\/wp-json\/wp\/v2\/comments?post=28259"}],"version-history":[{"count":3,"href":"https:\/\/www.letsgohalal.com\/fr\/wp-json\/wp\/v2\/pages\/28259\/revisions"}],"predecessor-version":[{"id":28824,"href":"https:\/\/www.letsgohalal.com\/fr\/wp-json\/wp\/v2\/pages\/28259\/revisions\/28824"}],"wp:featuredmedia":[{"embeddable":true,"href":"https:\/\/www.letsgohalal.com\/fr\/wp-json\/wp\/v2\/media\/28261"}],"wp:attachment":[{"href":"https:\/\/www.letsgohalal.com\/fr\/wp-json\/wp\/v2\/media?parent=28259"}],"curies":[{"name":"wp","href":"https:\/\/api.w.org\/{rel}","templated":true}]}}