

{"id":28544,"date":"2025-01-10T10:07:25","date_gmt":"2025-01-10T09:07:25","guid":{"rendered":"https:\/\/www.letsgohalal.com\/?page_id=28544"},"modified":"2025-06-24T18:28:45","modified_gmt":"2025-06-24T16:28:45","slug":"travel-partner","status":"publish","type":"page","link":"https:\/\/www.letsgohalal.com\/fr\/travel-partner\/","title":{"rendered":"Partenaire de voyage"},"content":{"rendered":"<p class=\"subtitle-content\">D\u00e9passez les attentes de vos clients en leur proposant des exp\u00e9riences de voyage extraordinaires, soutenues par des services fiables, de haute qualit\u00e9 et toujours halal.<\/p>\r\n\r\n\r\n\r\n<div class=\"wp-block-spacer\" style=\"height: 30px;\" aria-hidden=\"true\">\u00a0<\/div>\r\n\r\n\r\n\r\n<p><strong>Vous \u00eates agent de voyage ?<\/strong> Quel que soit le type de clients que vous servez, vous pouvez compter sur nous ! Avec plus de 10 ans d'exp\u00e9rience pratique en tant qu'agence espagnole sp\u00e9cialis\u00e9e dans l'accueil des touristes musulmans du monde entier, nous sommes l\u00e0 pour vous aider.<\/p>\r\n\r\n\r\n\r\n<p>Nous d\u00e9veloppons actuellement la meilleure plateforme B2B en ligne pour les agents de voyage qui proposent l'Espagne comme destination aux voyageurs musulmans. Alors que la plateforme est en cours de d\u00e9veloppement, nous vous invitons \u00e0 laisser votre email ici pour rester dans la boucle et \u00eatre le premier \u00e0 savoir quand nous serons lanc\u00e9s.<\/p>","protected":false},"excerpt":{"rendered":"<p>Exceed your clients\u2019 expectations with extraordinary travel experiences, backed by reliable, high-quality, and always halal services Are you a travel agent? No matter the type of clients you serve, you can count on us! With over 10 years of hands-on experience as a specialized inbound Spanish agency for Muslim tourists from around the world, we\u2019re<\/p>","protected":false},"author":1,"featured_media":28547,"parent":0,"menu_order":0,"comment_status":"closed","ping_status":"closed","template":"single_travel-partner.php","meta":{"_acf_changed":false,"footnotes":""},"class_list":["post-28544","page","type-page","status-publish","has-post-thumbnail","hentry"],"acf":[],"yoast_head":"<!-- This site is optimized with the Yoast SEO Premium plugin v24.6 (Yoast SEO v24.7) - https:\/\/yoast.com\/wordpress\/plugins\/seo\/ -->\n<title>Travel partner | Let&#039;s Go Halal<\/title>\n<meta name=\"robots\" content=\"index, follow, max-snippet:-1, max-image-preview:large, max-video-preview:-1\" \/>\n<link rel=\"canonical\" href=\"https:\/\/www.letsgohalal.com\/fr\/travel-partner\/\" \/>\n<meta property=\"og:locale\" content=\"fr_FR\" \/>\n<meta property=\"og:type\" content=\"article\" \/>\n<meta property=\"og:title\" content=\"Travel partner\" \/>\n<meta property=\"og:description\" content=\"Exceed your clients\u2019 expectations with extraordinary travel experiences, backed by reliable, high-quality, and always halal services Are you a travel agent? No matter the type of clients you serve, you can count on us! With over 10 years of hands-on experience as a specialized inbound Spanish agency for Muslim tourists from around the world, we\u2019re\" \/>\n<meta property=\"og:url\" content=\"https:\/\/www.letsgohalal.com\/fr\/travel-partner\/\" \/>\n<meta property=\"og:site_name\" content=\"Let&#039;s Go Halal\" \/>\n<meta property=\"article:modified_time\" content=\"2025-06-24T16:28:45+00:00\" \/>\n<meta property=\"og:image\" content=\"https:\/\/www.letsgohalal.com\/wp-content\/uploads\/2025\/01\/Rectangle-138.jpg\" \/>\n\t<meta property=\"og:image:width\" content=\"235\" \/>\n\t<meta property=\"og:image:height\" content=\"235\" \/>\n\t<meta property=\"og:image:type\" content=\"image\/jpeg\" \/>\n<meta name=\"twitter:card\" content=\"summary_large_image\" \/>\n<meta name=\"twitter:label1\" content=\"Dur\u00e9e de lecture estim\u00e9e\" \/>\n\t<meta name=\"twitter:data1\" content=\"1 minute\" \/>\n<script type=\"application\/ld+json\" class=\"yoast-schema-graph\">{\"@context\":\"https:\/\/schema.org\",\"@graph\":[{\"@type\":\"WebPage\",\"@id\":\"https:\/\/www.letsgohalal.com\/travel-partner\/\",\"url\":\"https:\/\/www.letsgohalal.com\/travel-partner\/\",\"name\":\"Travel partner | Let&#039;s Go Halal\",\"isPartOf\":{\"@id\":\"https:\/\/www.letsgohalal.com\/#website\"},\"primaryImageOfPage\":{\"@id\":\"https:\/\/www.letsgohalal.com\/travel-partner\/#primaryimage\"},\"image\":{\"@id\":\"https:\/\/www.letsgohalal.com\/travel-partner\/#primaryimage\"},\"thumbnailUrl\":\"https:\/\/www.letsgohalal.com\/wp-content\/uploads\/2025\/01\/Rectangle-138.jpg\",\"datePublished\":\"2025-01-10T09:07:25+00:00\",\"dateModified\":\"2025-06-24T16:28:45+00:00\",\"breadcrumb\":{\"@id\":\"https:\/\/www.letsgohalal.com\/travel-partner\/#breadcrumb\"},\"inLanguage\":\"fr-FR\",\"potentialAction\":[{\"@type\":\"ReadAction\",\"target\":[\"https:\/\/www.letsgohalal.com\/travel-partner\/\"]}]},{\"@type\":\"ImageObject\",\"inLanguage\":\"fr-FR\",\"@id\":\"https:\/\/www.letsgohalal.com\/travel-partner\/#primaryimage\",\"url\":\"https:\/\/www.letsgohalal.com\/wp-content\/uploads\/2025\/01\/Rectangle-138.jpg\",\"contentUrl\":\"https:\/\/www.letsgohalal.com\/wp-content\/uploads\/2025\/01\/Rectangle-138.jpg\",\"width\":235,\"height\":235},{\"@type\":\"BreadcrumbList\",\"@id\":\"https:\/\/www.letsgohalal.com\/travel-partner\/#breadcrumb\",\"itemListElement\":[{\"@type\":\"ListItem\",\"position\":1,\"name\":\"Home\",\"item\":\"https:\/\/www.letsgohalal.com\/\"},{\"@type\":\"ListItem\",\"position\":2,\"name\":\"Travel partner\"}]},{\"@type\":\"WebSite\",\"@id\":\"https:\/\/www.letsgohalal.com\/#website\",\"url\":\"https:\/\/www.letsgohalal.com\/\",\"name\":\"Let\u00b4s Go Halal\",\"description\":\"Everything for Muslim travelers\",\"potentialAction\":[{\"@type\":\"SearchAction\",\"target\":{\"@type\":\"EntryPoint\",\"urlTemplate\":\"https:\/\/www.letsgohalal.com\/?s={search_term_string}\"},\"query-input\":{\"@type\":\"PropertyValueSpecification\",\"valueRequired\":true,\"valueName\":\"search_term_string\"}}],\"inLanguage\":\"fr-FR\"}]}<\/script>\n<!-- \/ Yoast SEO Premium plugin. -->","yoast_head_json":{"title":"Travel partner | Let&#039;s Go Halal","robots":{"index":"index","follow":"follow","max-snippet":"max-snippet:-1","max-image-preview":"max-image-preview:large","max-video-preview":"max-video-preview:-1"},"canonical":"https:\/\/www.letsgohalal.com\/fr\/travel-partner\/","og_locale":"fr_FR","og_type":"article","og_title":"Travel partner","og_description":"Exceed your clients\u2019 expectations with extraordinary travel experiences, backed by reliable, high-quality, and always halal services Are you a travel agent? No matter the type of clients you serve, you can count on us! With over 10 years of hands-on experience as a specialized inbound Spanish agency for Muslim tourists from around the world, we\u2019re","og_url":"https:\/\/www.letsgohalal.com\/fr\/travel-partner\/","og_site_name":"Let&#039;s Go Halal","article_modified_time":"2025-06-24T16:28:45+00:00","og_image":[{"width":235,"height":235,"url":"https:\/\/www.letsgohalal.com\/wp-content\/uploads\/2025\/01\/Rectangle-138.jpg","type":"image\/jpeg"}],"twitter_card":"summary_large_image","twitter_misc":{"Dur\u00e9e de lecture estim\u00e9e":"1 minute"},"schema":{"@context":"https:\/\/schema.org","@graph":[{"@type":"WebPage","@id":"https:\/\/www.letsgohalal.com\/travel-partner\/","url":"https:\/\/www.letsgohalal.com\/travel-partner\/","name":"Travel partner | Let&#039;s Go Halal","isPartOf":{"@id":"https:\/\/www.letsgohalal.com\/#website"},"primaryImageOfPage":{"@id":"https:\/\/www.letsgohalal.com\/travel-partner\/#primaryimage"},"image":{"@id":"https:\/\/www.letsgohalal.com\/travel-partner\/#primaryimage"},"thumbnailUrl":"https:\/\/www.letsgohalal.com\/wp-content\/uploads\/2025\/01\/Rectangle-138.jpg","datePublished":"2025-01-10T09:07:25+00:00","dateModified":"2025-06-24T16:28:45+00:00","breadcrumb":{"@id":"https:\/\/www.letsgohalal.com\/travel-partner\/#breadcrumb"},"inLanguage":"fr-FR","potentialAction":[{"@type":"ReadAction","target":["https:\/\/www.letsgohalal.com\/travel-partner\/"]}]},{"@type":"ImageObject","inLanguage":"fr-FR","@id":"https:\/\/www.letsgohalal.com\/travel-partner\/#primaryimage","url":"https:\/\/www.letsgohalal.com\/wp-content\/uploads\/2025\/01\/Rectangle-138.jpg","contentUrl":"https:\/\/www.letsgohalal.com\/wp-content\/uploads\/2025\/01\/Rectangle-138.jpg","width":235,"height":235},{"@type":"BreadcrumbList","@id":"https:\/\/www.letsgohalal.com\/travel-partner\/#breadcrumb","itemListElement":[{"@type":"ListItem","position":1,"name":"Home","item":"https:\/\/www.letsgohalal.com\/"},{"@type":"ListItem","position":2,"name":"Travel partner"}]},{"@type":"WebSite","@id":"https:\/\/www.letsgohalal.com\/#website","url":"https:\/\/www.letsgohalal.com\/","name":"Allons-y pour le halal","description":"Tout pour les voyageurs musulmans","potentialAction":[{"@type":"SearchAction","target":{"@type":"EntryPoint","urlTemplate":"https:\/\/www.letsgohalal.com\/?s={search_term_string}"},"query-input":{"@type":"PropertyValueSpecification","valueRequired":true,"valueName":"search_term_string"}}],"inLanguage":"fr-FR"}]}},"_links":{"self":[{"href":"https:\/\/www.letsgohalal.com\/fr\/wp-json\/wp\/v2\/pages\/28544","targetHints":{"allow":["GET"]}}],"collection":[{"href":"https:\/\/www.letsgohalal.com\/fr\/wp-json\/wp\/v2\/pages"}],"about":[{"href":"https:\/\/www.letsgohalal.com\/fr\/wp-json\/wp\/v2\/types\/page"}],"author":[{"embeddable":true,"href":"https:\/\/www.letsgohalal.com\/fr\/wp-json\/wp\/v2\/users\/1"}],"replies":[{"embeddable":true,"href":"https:\/\/www.letsgohalal.com\/fr\/wp-json\/wp\/v2\/comments?post=28544"}],"version-history":[{"count":6,"href":"https:\/\/www.letsgohalal.com\/fr\/wp-json\/wp\/v2\/pages\/28544\/revisions"}],"predecessor-version":[{"id":29622,"href":"https:\/\/www.letsgohalal.com\/fr\/wp-json\/wp\/v2\/pages\/28544\/revisions\/29622"}],"wp:featuredmedia":[{"embeddable":true,"href":"https:\/\/www.letsgohalal.com\/fr\/wp-json\/wp\/v2\/media\/28547"}],"wp:attachment":[{"href":"https:\/\/www.letsgohalal.com\/fr\/wp-json\/wp\/v2\/media?parent=28544"}],"curies":[{"name":"wp","href":"https:\/\/api.w.org\/{rel}","templated":true}]}}